{"id":13,"date":"2015-05-30T10:55:17","date_gmt":"2015-05-30T08:55:17","guid":{"rendered":"http:\/\/tbf.com.pl\/?page_id=13"},"modified":"2021-08-02T12:54:42","modified_gmt":"2021-08-02T10:54:42","slug":"kariera","status":"publish","type":"page","link":"https:\/\/www.tbf.pl\/en\/kariera\/","title":{"rendered":"Career"},"content":{"rendered":"<p><\/p>\n<p><p>&nbsp;<\/p>\n<h5 style=\"text-align: left;\" align=\"JUSTIFY\"><b>Career in TBF <\/b><\/h5>\n<p style=\"text-align: left;\" align=\"JUSTIFY\">In the offices of TBF located in various cities of Poland we have a number of friendly positions for highly motivated people with relevant qualifications.<\/p>\n<p style=\"text-align: left;\" align=\"JUSTIFY\">We do our best to make sure that our employees always feel well in their work environment and that they can develop their professional skills and use their individual potential on everyday basis.<\/p>\n<h5 style=\"text-align: left;\" align=\"JUSTIFY\"><b>Briefly about TBF <\/b><\/h5>\n<p style=\"text-align: left;\" align=\"JUSTIFY\">We have been providing OHS services for many years. From the onset of our operation, that is since 1998, we have gathered vast experience in the area of occupational health and safety, fire protection and labour law. Besides, we specialise in services related to environmental protection, first aid administration or implementation of ISO standards, etc. We share with our employees all our to-date immaterial achievements, bearing in mind that our employees also considerably contribute to the corporate image of our company.<\/p>\n<p style=\"text-align: left;\" align=\"JUSTIFY\">Our headquarters is in Warsaw, but we also have agencies and representative offices in a number of cities across Poland. You can find us for example in Gdynia, Pozna\u0144, Katowice, Olsztyn and Bia\u0142ystok. The complete list of our offices can be found in the \u201cContact\u201d tab.<\/p>\n<h5 style=\"text-align: left;\" align=\"JUSTIFY\"><b>Why TBF? <\/b><\/h5>\n<p style=\"text-align: left;\" align=\"JUSTIFY\">Our company is a professional provider of OHS services. We have a comprehensive offer which includes not only OHS and fire protection trainings and courses but also legal consultancy, comprehensive OHS service and supervision and, for example, preparation for submitting an EU subsidy application. Our employees form a team of experts competent in various areas who continuously improve their qualifications and abilities.<\/p>\n<p style=\"text-align: left;\" align=\"JUSTIFY\">We hold the title of a Training Centre and high quality of our services finds its confirmation in numerous certificates (issued for example by the Central Institute for Labour Protection or the Masovia Province Education Superintendent).<\/p>\n<p style=\"text-align: left;\" align=\"JUSTIFY\">TBF works with plenty of both Polish and international companies. Among our clients you will find recognised and respected brands such as Costa, mBank, Metro Warszawskie, Starbucks Coffee, Atlantic, CePeLek, Fundacja WO\u015aP, Olszty\u0144ski Teatr Lalek or Telewizja Polska S.A. For our future employees it means that they will have an opportunity to actively participate in our clients&#8217; operations and, as a result, acquire considerable knowledge and experience, which will undoubtedly bear fruit in the future.<\/p>\n<\/p>\n<p><\/p>","protected":false},"excerpt":{"rendered":"<p>&nbsp; Career in TBF In the offices of TBF located in various cities of Poland we have a number of friendly positions for highly motivated people with relevant qualifications. We do our best to make sure that our employees always&#8230;<\/p>\n","protected":false},"author":1,"featured_media":77,"parent":0,"menu_order":0,"comment_status":"open","ping_status":"open","template":"page-templates\/right-sidebar.php","meta":{"_acf_changed":false,"footnotes":""},"class_list":["post-13","page","type-page","status-publish","has-post-thumbnail","hentry"],"acf":[],"yoast_head":"<!-- This site is optimized with the Yoast SEO plugin v23.3 - https:\/\/yoast.com\/wordpress\/plugins\/seo\/ -->\n<title>Career - Your Safe Business<\/title>\n<meta name=\"description\" content=\"[:pl]Szkolenia BHP i PPO\u017b oferuje firma TBF. Szukasz pracy w dziale BHP? Zobacz, jak mo\u017ce rozwija\u0107 si\u0119 kariera w TBF - w dziale prawa pracy, BHP lub PPO\u017b.[:en]BHP &amp; PPO\u017b offers TBF. Looking for a job in the BHP department? See how TBF can develop your career - in the labor law, health and safety department or PPO.\" \/>\n<meta name=\"robots\" content=\"noindex, follow\" \/>\n<meta property=\"og:locale\" content=\"en_US\" \/>\n<meta property=\"og:type\" content=\"article\" \/>\n<meta property=\"og:title\" content=\"[:pl]Praca w firmie TBF.[:en]Career - Your Safe Business[:]\" \/>\n<meta property=\"og:description\" content=\"[:pl]Szkolenia BHP i PPO\u017b oferuje firma TBF. Szukasz pracy w dziale BHP? Zobacz, jak mo\u017ce rozwija\u0107 si\u0119 kariera w TBF - w dziale prawa pracy, BHP lub PPO\u017b.[:en]BHP &amp; PPO\u017b offers TBF. Looking for a job in the BHP department? See how TBF can develop your career - in the labor law, health and safety department or PPO.\" \/>\n<meta property=\"og:url\" content=\"https:\/\/www.tbf.pl\/kariera\/\" \/>\n<meta property=\"og:site_name\" content=\"Health and safety training and health and safety supervision Warsaw | TBF\" \/>\n<meta property=\"article:modified_time\" content=\"2021-08-02T10:54:42+00:00\" \/>\n<meta property=\"og:image\" content=\"https:\/\/www.tbf.pl\/wp-content\/uploads\/2015\/05\/kontakt-2.jpg\" \/>\n\t<meta property=\"og:image:width\" content=\"1600\" \/>\n\t<meta property=\"og:image:height\" content=\"428\" \/>\n\t<meta property=\"og:image:type\" content=\"image\/jpeg\" \/>\n<meta name=\"twitter:card\" content=\"summary_large_image\" \/>\n<meta name=\"twitter:label1\" content=\"Est. reading time\" \/>\n\t<meta name=\"twitter:data1\" content=\"4 minutes\" \/>\n<script type=\"application\/ld+json\" class=\"yoast-schema-graph\">{\"@context\":\"https:\/\/schema.org\",\"@graph\":[{\"@type\":\"WebPage\",\"@id\":\"https:\/\/www.tbf.pl\/kariera\/\",\"url\":\"https:\/\/www.tbf.pl\/kariera\/\",\"name\":\"[:pl]Praca w firmie TBF.[:en]Career - Your Safe Business[:]\",\"isPartOf\":{\"@id\":\"https:\/\/www.tbf.pl\/#website\"},\"primaryImageOfPage\":{\"@id\":\"https:\/\/www.tbf.pl\/kariera\/#primaryimage\"},\"image\":{\"@id\":\"https:\/\/www.tbf.pl\/kariera\/#primaryimage\"},\"thumbnailUrl\":\"https:\/\/www.tbf.pl\/wp-content\/uploads\/2015\/05\/kontakt-2.jpg\",\"datePublished\":\"2015-05-30T08:55:17+00:00\",\"dateModified\":\"2021-08-02T10:54:42+00:00\",\"description\":\"[:pl]Szkolenia BHP i PPO\u017b oferuje firma TBF. Szukasz pracy w dziale BHP? Zobacz, jak mo\u017ce rozwija\u0107 si\u0119 kariera w TBF - w dziale prawa pracy, BHP lub PPO\u017b.[:en]BHP & PPO\u017b offers TBF. Looking for a job in the BHP department? See how TBF can develop your career - in the labor law, health and safety department or PPO.\",\"breadcrumb\":{\"@id\":\"https:\/\/www.tbf.pl\/kariera\/#breadcrumb\"},\"inLanguage\":\"en-US\",\"potentialAction\":[{\"@type\":\"ReadAction\",\"target\":[\"https:\/\/www.tbf.pl\/kariera\/\"]}]},{\"@type\":\"ImageObject\",\"inLanguage\":\"en-US\",\"@id\":\"https:\/\/www.tbf.pl\/kariera\/#primaryimage\",\"url\":\"https:\/\/www.tbf.pl\/wp-content\/uploads\/2015\/05\/kontakt-2.jpg\",\"contentUrl\":\"https:\/\/www.tbf.pl\/wp-content\/uploads\/2015\/05\/kontakt-2.jpg\",\"width\":1600,\"height\":428},{\"@type\":\"BreadcrumbList\",\"@id\":\"https:\/\/www.tbf.pl\/kariera\/#breadcrumb\",\"itemListElement\":[{\"@type\":\"ListItem\",\"position\":1,\"name\":\"Strona g\u0142\u00f3wna\",\"item\":\"https:\/\/www.tbf.pl\/\"},{\"@type\":\"ListItem\",\"position\":2,\"name\":\"Kariera\"}]},{\"@type\":\"WebSite\",\"@id\":\"https:\/\/www.tbf.pl\/#website\",\"url\":\"https:\/\/www.tbf.pl\/\",\"name\":\"Health and safety training and health and safety supervision Warsaw | TBF\",\"description\":\"\",\"publisher\":{\"@id\":\"https:\/\/www.tbf.pl\/#organization\"},\"potentialAction\":[{\"@type\":\"SearchAction\",\"target\":{\"@type\":\"EntryPoint\",\"urlTemplate\":\"https:\/\/www.tbf.pl\/?s={search_term_string}\"},\"query-input\":\"required name=search_term_string\"}],\"inLanguage\":\"en-US\"},{\"@type\":\"Organization\",\"@id\":\"https:\/\/www.tbf.pl\/#organization\",\"name\":\"TBF s.c.\",\"url\":\"https:\/\/www.tbf.pl\/\",\"logo\":{\"@type\":\"ImageObject\",\"inLanguage\":\"en-US\",\"@id\":\"https:\/\/www.tbf.pl\/#\/schema\/logo\/image\/\",\"url\":\"https:\/\/www.tbf.pl\/wp-content\/uploads\/2016\/06\/logo-2.jpg\",\"contentUrl\":\"https:\/\/www.tbf.pl\/wp-content\/uploads\/2016\/06\/logo-2.jpg\",\"width\":203,\"height\":89,\"caption\":\"TBF s.c.\"},\"image\":{\"@id\":\"https:\/\/www.tbf.pl\/#\/schema\/logo\/image\/\"}}]}<\/script>\n<!-- \/ Yoast SEO plugin. -->","yoast_head_json":{"title":"[:pl]Praca w firmie TBF.[:en]Career - Your Safe Business[:]","description":"[:pl]Szkolenia BHP i PPO\u017b oferuje firma TBF. Szukasz pracy w dziale BHP? Zobacz, jak mo\u017ce rozwija\u0107 si\u0119 kariera w TBF - w dziale prawa pracy, BHP lub PPO\u017b.[:en]BHP & PPO\u017b offers TBF. Looking for a job in the BHP department? See how TBF can develop your career - in the labor law, health and safety department or PPO.","robots":{"index":"noindex","follow":"follow"},"og_locale":"en_US","og_type":"article","og_title":"[:pl]Praca w firmie TBF.[:en]Career - Your Safe Business[:]","og_description":"[:pl]Szkolenia BHP i PPO\u017b oferuje firma TBF. Szukasz pracy w dziale BHP? Zobacz, jak mo\u017ce rozwija\u0107 si\u0119 kariera w TBF - w dziale prawa pracy, BHP lub PPO\u017b.[:en]BHP & PPO\u017b offers TBF. Looking for a job in the BHP department? See how TBF can develop your career - in the labor law, health and safety department or PPO.","og_url":"https:\/\/www.tbf.pl\/kariera\/","og_site_name":"Health and safety training and health and safety supervision Warsaw | TBF","article_modified_time":"2021-08-02T10:54:42+00:00","og_image":[{"width":1600,"height":428,"url":"https:\/\/www.tbf.pl\/wp-content\/uploads\/2015\/05\/kontakt-2.jpg","type":"image\/jpeg"}],"twitter_card":"summary_large_image","twitter_misc":{"Est. reading time":"4 minutes"},"schema":{"@context":"https:\/\/schema.org","@graph":[{"@type":"WebPage","@id":"https:\/\/www.tbf.pl\/kariera\/","url":"https:\/\/www.tbf.pl\/kariera\/","name":"[:pl]Praca w firmie TBF.[:en]Career - Your Safe Business[:]","isPartOf":{"@id":"https:\/\/www.tbf.pl\/#website"},"primaryImageOfPage":{"@id":"https:\/\/www.tbf.pl\/kariera\/#primaryimage"},"image":{"@id":"https:\/\/www.tbf.pl\/kariera\/#primaryimage"},"thumbnailUrl":"https:\/\/www.tbf.pl\/wp-content\/uploads\/2015\/05\/kontakt-2.jpg","datePublished":"2015-05-30T08:55:17+00:00","dateModified":"2021-08-02T10:54:42+00:00","description":"[:pl]Szkolenia BHP i PPO\u017b oferuje firma TBF. Szukasz pracy w dziale BHP? Zobacz, jak mo\u017ce rozwija\u0107 si\u0119 kariera w TBF - w dziale prawa pracy, BHP lub PPO\u017b.[:en]BHP & PPO\u017b offers TBF. Looking for a job in the BHP department? See how TBF can develop your career - in the labor law, health and safety department or PPO.","breadcrumb":{"@id":"https:\/\/www.tbf.pl\/kariera\/#breadcrumb"},"inLanguage":"en-US","potentialAction":[{"@type":"ReadAction","target":["https:\/\/www.tbf.pl\/kariera\/"]}]},{"@type":"ImageObject","inLanguage":"en-US","@id":"https:\/\/www.tbf.pl\/kariera\/#primaryimage","url":"https:\/\/www.tbf.pl\/wp-content\/uploads\/2015\/05\/kontakt-2.jpg","contentUrl":"https:\/\/www.tbf.pl\/wp-content\/uploads\/2015\/05\/kontakt-2.jpg","width":1600,"height":428},{"@type":"BreadcrumbList","@id":"https:\/\/www.tbf.pl\/kariera\/#breadcrumb","itemListElement":[{"@type":"ListItem","position":1,"name":"Strona g\u0142\u00f3wna","item":"https:\/\/www.tbf.pl\/"},{"@type":"ListItem","position":2,"name":"Kariera"}]},{"@type":"WebSite","@id":"https:\/\/www.tbf.pl\/#website","url":"https:\/\/www.tbf.pl\/","name":"Health and safety training and health and safety supervision Warsaw | TBF","description":"","publisher":{"@id":"https:\/\/www.tbf.pl\/#organization"},"potentialAction":[{"@type":"SearchAction","target":{"@type":"EntryPoint","urlTemplate":"https:\/\/www.tbf.pl\/?s={search_term_string}"},"query-input":"required name=search_term_string"}],"inLanguage":"en-US"},{"@type":"Organization","@id":"https:\/\/www.tbf.pl\/#organization","name":"TBF s.c.","url":"https:\/\/www.tbf.pl\/","logo":{"@type":"ImageObject","inLanguage":"en-US","@id":"https:\/\/www.tbf.pl\/#\/schema\/logo\/image\/","url":"https:\/\/www.tbf.pl\/wp-content\/uploads\/2016\/06\/logo-2.jpg","contentUrl":"https:\/\/www.tbf.pl\/wp-content\/uploads\/2016\/06\/logo-2.jpg","width":203,"height":89,"caption":"TBF s.c."},"image":{"@id":"https:\/\/www.tbf.pl\/#\/schema\/logo\/image\/"}}]}},"_links":{"self":[{"href":"https:\/\/www.tbf.pl\/en\/wp-json\/wp\/v2\/pages\/13"}],"collection":[{"href":"https:\/\/www.tbf.pl\/en\/wp-json\/wp\/v2\/pages"}],"about":[{"href":"https:\/\/www.tbf.pl\/en\/wp-json\/wp\/v2\/types\/page"}],"author":[{"embeddable":true,"href":"https:\/\/www.tbf.pl\/en\/wp-json\/wp\/v2\/users\/1"}],"replies":[{"embeddable":true,"href":"https:\/\/www.tbf.pl\/en\/wp-json\/wp\/v2\/comments?post=13"}],"version-history":[{"count":17,"href":"https:\/\/www.tbf.pl\/en\/wp-json\/wp\/v2\/pages\/13\/revisions"}],"predecessor-version":[{"id":1708,"href":"https:\/\/www.tbf.pl\/en\/wp-json\/wp\/v2\/pages\/13\/revisions\/1708"}],"wp:featuredmedia":[{"embeddable":true,"href":"https:\/\/www.tbf.pl\/en\/wp-json\/wp\/v2\/media\/77"}],"wp:attachment":[{"href":"https:\/\/www.tbf.pl\/en\/wp-json\/wp\/v2\/media?parent=13"}],"curies":[{"name":"wp","href":"https:\/\/api.w.org\/{rel}","templated":true}]}}