{"id":1860,"date":"2018-09-28T15:44:04","date_gmt":"2018-09-28T13:44:04","guid":{"rendered":"https:\/\/www.tbf.pl\/?page_id=1860"},"modified":"2023-12-12T10:27:27","modified_gmt":"2023-12-12T09:27:27","slug":"home","status":"publish","type":"page","link":"https:\/\/www.tbf.pl\/en\/","title":{"rendered":"(Polski) Home"},"content":{"rendered":"","protected":false},"excerpt":{"rendered":"","protected":false},"author":2,"featured_media":0,"parent":0,"menu_order":0,"comment_status":"closed","ping_status":"closed","template":"home-page.php","meta":{"_acf_changed":false,"footnotes":""},"class_list":["post-1860","page","type-page","status-publish","hentry"],"acf":[],"yoast_head":"<!-- This site is optimized with the Yoast SEO plugin v23.3 - https:\/\/yoast.com\/wordpress\/plugins\/seo\/ -->\n<title>Obs\u0142uga BHP i specjalistyczne szkolenia BHP i PPO\u017b dla firm | TBF<\/title>\n<meta name=\"description\" content=\"Profesjonalne szkolenia BHP i PPO\u017b. Nadz\u00f3r, doradztwo, audyty i outsourcing BHP od 1998 roku. Wiedza, do\u015bwiadczenie i innowacje (w tym VR).\" \/>\n<meta name=\"robots\" content=\"index, follow, max-snippet:-1, max-image-preview:large, max-video-preview:-1\" \/>\n<link rel=\"canonical\" href=\"https:\/\/www.tbf.pl\/\" \/>\n<meta property=\"og:locale\" content=\"en_US\" \/>\n<meta property=\"og:type\" content=\"article\" \/>\n<meta property=\"og:title\" content=\"TBF s.c.\" \/>\n<meta property=\"og:description\" content=\"Szkolenia BHP, PPO\u017b i nadz\u00f3r BHP to tylko niekt\u00f3re us\u0142ugi firmy TBF. Zapoznaj si\u0119 z ofert\u0105 szkole\u0144 z zakresu bezpiecze\u0144stwa i higieny pracy!\" \/>\n<meta property=\"og:url\" content=\"https:\/\/www.tbf.pl\/\" \/>\n<meta property=\"og:site_name\" content=\"Health and safety training and health and safety supervision Warsaw | TBF\" \/>\n<meta property=\"article:modified_time\" content=\"2023-12-12T09:27:27+00:00\" \/>\n<meta property=\"og:image\" content=\"https:\/\/www.tbf.pl\/wp-content\/uploads\/2016\/06\/logo-2.jpg\" \/>\n\t<meta property=\"og:image:width\" content=\"203\" \/>\n\t<meta property=\"og:image:height\" content=\"89\" \/>\n\t<meta property=\"og:image:type\" content=\"image\/jpeg\" \/>\n<meta name=\"twitter:card\" content=\"summary_large_image\" \/>\n<meta name=\"twitter:title\" content=\"TBF s.c.\" \/>\n<meta name=\"twitter:description\" content=\"Szkolenia BHP, PPO\u017b i nadz\u00f3r BHP to tylko niekt\u00f3re us\u0142ugi firmy TBF. Zapoznaj si\u0119 z ofert\u0105 szkole\u0144 z zakresu bezpiecze\u0144stwa i higieny pracy!\" \/>\n<meta name=\"twitter:image\" content=\"https:\/\/www.tbf.pl\/wp-content\/uploads\/2016\/06\/logo-2.jpg\" \/>\n<script type=\"application\/ld+json\" class=\"yoast-schema-graph\">{\"@context\":\"https:\/\/schema.org\",\"@graph\":[{\"@type\":\"WebPage\",\"@id\":\"https:\/\/www.tbf.pl\/\",\"url\":\"https:\/\/www.tbf.pl\/\",\"name\":\"Obs\u0142uga BHP i specjalistyczne szkolenia BHP i PPO\u017b dla firm | TBF\",\"isPartOf\":{\"@id\":\"https:\/\/www.tbf.pl\/#website\"},\"datePublished\":\"2018-09-28T13:44:04+00:00\",\"dateModified\":\"2023-12-12T09:27:27+00:00\",\"description\":\"Profesjonalne szkolenia BHP i PPO\u017b. Nadz\u00f3r, doradztwo, audyty i outsourcing BHP od 1998 roku. Wiedza, do\u015bwiadczenie i innowacje (w tym VR).\",\"breadcrumb\":{\"@id\":\"https:\/\/www.tbf.pl\/#breadcrumb\"},\"inLanguage\":\"en-US\",\"potentialAction\":[{\"@type\":\"ReadAction\",\"target\":[\"https:\/\/www.tbf.pl\/\"]}]},{\"@type\":\"BreadcrumbList\",\"@id\":\"https:\/\/www.tbf.pl\/#breadcrumb\",\"itemListElement\":[{\"@type\":\"ListItem\",\"position\":1,\"name\":\"Strona g\u0142\u00f3wna\",\"item\":\"https:\/\/www.tbf.pl\/\"},{\"@type\":\"ListItem\",\"position\":2,\"name\":\"[:pl]Home[:]\"}]},{\"@type\":\"WebSite\",\"@id\":\"https:\/\/www.tbf.pl\/#website\",\"url\":\"https:\/\/www.tbf.pl\/\",\"name\":\"Health and safety training and health and safety supervision Warsaw | TBF\",\"description\":\"\",\"publisher\":{\"@id\":\"https:\/\/www.tbf.pl\/#organization\"},\"potentialAction\":[{\"@type\":\"SearchAction\",\"target\":{\"@type\":\"EntryPoint\",\"urlTemplate\":\"https:\/\/www.tbf.pl\/?s={search_term_string}\"},\"query-input\":\"required name=search_term_string\"}],\"inLanguage\":\"en-US\"},{\"@type\":\"Organization\",\"@id\":\"https:\/\/www.tbf.pl\/#organization\",\"name\":\"TBF s.c.\",\"url\":\"https:\/\/www.tbf.pl\/\",\"logo\":{\"@type\":\"ImageObject\",\"inLanguage\":\"en-US\",\"@id\":\"https:\/\/www.tbf.pl\/#\/schema\/logo\/image\/\",\"url\":\"https:\/\/www.tbf.pl\/wp-content\/uploads\/2016\/06\/logo-2.jpg\",\"contentUrl\":\"https:\/\/www.tbf.pl\/wp-content\/uploads\/2016\/06\/logo-2.jpg\",\"width\":203,\"height\":89,\"caption\":\"TBF s.c.\"},\"image\":{\"@id\":\"https:\/\/www.tbf.pl\/#\/schema\/logo\/image\/\"}}]}<\/script>\n<!-- \/ Yoast SEO plugin. -->","yoast_head_json":{"title":"Obs\u0142uga BHP i specjalistyczne szkolenia BHP i PPO\u017b dla firm | TBF","description":"Profesjonalne szkolenia BHP i PPO\u017b. Nadz\u00f3r, doradztwo, audyty i outsourcing BHP od 1998 roku. Wiedza, do\u015bwiadczenie i innowacje (w tym VR).","robots":{"index":"index","follow":"follow","max-snippet":"max-snippet:-1","max-image-preview":"max-image-preview:large","max-video-preview":"max-video-preview:-1"},"canonical":"https:\/\/www.tbf.pl\/","og_locale":"en_US","og_type":"article","og_title":"TBF s.c.","og_description":"Szkolenia BHP, PPO\u017b i nadz\u00f3r BHP to tylko niekt\u00f3re us\u0142ugi firmy TBF. Zapoznaj si\u0119 z ofert\u0105 szkole\u0144 z zakresu bezpiecze\u0144stwa i higieny pracy!","og_url":"https:\/\/www.tbf.pl\/","og_site_name":"Health and safety training and health and safety supervision Warsaw | TBF","article_modified_time":"2023-12-12T09:27:27+00:00","og_image":[{"width":203,"height":89,"url":"https:\/\/www.tbf.pl\/wp-content\/uploads\/2016\/06\/logo-2.jpg","type":"image\/jpeg"}],"twitter_card":"summary_large_image","twitter_title":"TBF s.c.","twitter_description":"Szkolenia BHP, PPO\u017b i nadz\u00f3r BHP to tylko niekt\u00f3re us\u0142ugi firmy TBF. Zapoznaj si\u0119 z ofert\u0105 szkole\u0144 z zakresu bezpiecze\u0144stwa i higieny pracy!","twitter_image":"https:\/\/www.tbf.pl\/wp-content\/uploads\/2016\/06\/logo-2.jpg","schema":{"@context":"https:\/\/schema.org","@graph":[{"@type":"WebPage","@id":"https:\/\/www.tbf.pl\/","url":"https:\/\/www.tbf.pl\/","name":"Obs\u0142uga BHP i specjalistyczne szkolenia BHP i PPO\u017b dla firm | TBF","isPartOf":{"@id":"https:\/\/www.tbf.pl\/#website"},"datePublished":"2018-09-28T13:44:04+00:00","dateModified":"2023-12-12T09:27:27+00:00","description":"Profesjonalne szkolenia BHP i PPO\u017b. Nadz\u00f3r, doradztwo, audyty i outsourcing BHP od 1998 roku. Wiedza, do\u015bwiadczenie i innowacje (w tym VR).","breadcrumb":{"@id":"https:\/\/www.tbf.pl\/#breadcrumb"},"inLanguage":"en-US","potentialAction":[{"@type":"ReadAction","target":["https:\/\/www.tbf.pl\/"]}]},{"@type":"BreadcrumbList","@id":"https:\/\/www.tbf.pl\/#breadcrumb","itemListElement":[{"@type":"ListItem","position":1,"name":"Strona g\u0142\u00f3wna","item":"https:\/\/www.tbf.pl\/"},{"@type":"ListItem","position":2,"name":"[:pl]Home[:]"}]},{"@type":"WebSite","@id":"https:\/\/www.tbf.pl\/#website","url":"https:\/\/www.tbf.pl\/","name":"Health and safety training and health and safety supervision Warsaw | TBF","description":"","publisher":{"@id":"https:\/\/www.tbf.pl\/#organization"},"potentialAction":[{"@type":"SearchAction","target":{"@type":"EntryPoint","urlTemplate":"https:\/\/www.tbf.pl\/?s={search_term_string}"},"query-input":"required name=search_term_string"}],"inLanguage":"en-US"},{"@type":"Organization","@id":"https:\/\/www.tbf.pl\/#organization","name":"TBF s.c.","url":"https:\/\/www.tbf.pl\/","logo":{"@type":"ImageObject","inLanguage":"en-US","@id":"https:\/\/www.tbf.pl\/#\/schema\/logo\/image\/","url":"https:\/\/www.tbf.pl\/wp-content\/uploads\/2016\/06\/logo-2.jpg","contentUrl":"https:\/\/www.tbf.pl\/wp-content\/uploads\/2016\/06\/logo-2.jpg","width":203,"height":89,"caption":"TBF s.c."},"image":{"@id":"https:\/\/www.tbf.pl\/#\/schema\/logo\/image\/"}}]}},"_links":{"self":[{"href":"https:\/\/www.tbf.pl\/en\/wp-json\/wp\/v2\/pages\/1860"}],"collection":[{"href":"https:\/\/www.tbf.pl\/en\/wp-json\/wp\/v2\/pages"}],"about":[{"href":"https:\/\/www.tbf.pl\/en\/wp-json\/wp\/v2\/types\/page"}],"author":[{"embeddable":true,"href":"https:\/\/www.tbf.pl\/en\/wp-json\/wp\/v2\/users\/2"}],"replies":[{"embeddable":true,"href":"https:\/\/www.tbf.pl\/en\/wp-json\/wp\/v2\/comments?post=1860"}],"version-history":[{"count":1,"href":"https:\/\/www.tbf.pl\/en\/wp-json\/wp\/v2\/pages\/1860\/revisions"}],"predecessor-version":[{"id":1861,"href":"https:\/\/www.tbf.pl\/en\/wp-json\/wp\/v2\/pages\/1860\/revisions\/1861"}],"wp:attachment":[{"href":"https:\/\/www.tbf.pl\/en\/wp-json\/wp\/v2\/media?parent=1860"}],"curies":[{"name":"wp","href":"https:\/\/api.w.org\/{rel}","templated":true}]}}