{"id":7,"date":"2015-05-30T10:54:54","date_gmt":"2015-05-30T08:54:54","guid":{"rendered":"http:\/\/tbf.com.pl\/?page_id=7"},"modified":"2025-10-24T10:30:43","modified_gmt":"2025-10-24T08:30:43","slug":"oferta","status":"publish","type":"page","link":"https:\/\/www.tbf.pl\/en\/oferta\/","title":{"rendered":"Offer"},"content":{"rendered":"<p><\/p>\n<p><\/p>\n<h5 class=\"p1\"><span class=\"s1\">Occupational Health and Safety training \u2013 Warsaw, Gda\u0144sk, Olsztyn and more<\/span><\/h5>\n<p class=\"p2\"><span class=\"s1\">All our comprehensive services are targeted at corporate and institutional customers. We have branches and agencies all over Poland. We are able to carry out our offer in each major city of the country. We are available not only in Warsaw, Wroc\u0142aw, Katowice and Gdynia, but also all provincial capitals.<\/span><\/p>\n<p class=\"p2\"><span class=\"s1\">We offer our consulting and Health and Safety supervision services at your offices and in our headquarters. We are mobile and flexible. We offer continuing cooperation, based on a long-term contract as well as temporary collaboration in the form of a single order.<\/span><\/p>\n<h5 class=\"p3\"><span class=\"s1\">Our Occupational Health and Safety offer includes:<\/span><\/h5>\n<ul>\n<li class=\"li2\"><span class=\"s1\">initial Health and Safety training,<\/span><\/li>\n<li class=\"li2\"><span class=\"s1\">periodic Health and Safety training,<\/span><\/li>\n<li class=\"li2\"><span class=\"s1\">Health and Safety training for employees,<\/span><\/li>\n<li class=\"li2\"><span class=\"s1\">Health and Safety training for employers,<\/span><\/li>\n<li class=\"li2\"><span class=\"s1\">Health and Safety audit and inspection,<\/span><\/li>\n<li class=\"li2\"><span class=\"s1\">Health and Safety registers required by the provisions of labour law,<\/span><\/li>\n<li class=\"li2\"><span class=\"s1\">preparation of general and on-the-job Health and Safety instructions,<\/span><\/li>\n<li class=\"li2\"><span class=\"s1\">performance of periodic Health and Safety analysis,<\/span><\/li>\n<li class=\"li2\"><span class=\"s1\">preparation of occupational risk assessment,<\/span><\/li>\n<li class=\"li2\"><span class=\"s1\">participation in work accident proceedings,<\/span><\/li>\n<li class=\"li2\"><span class=\"s1\">consulting in the scope of methods and organization of work at individual positions, which may be onerous, harmful for health or hazardous,<\/span><\/li>\n<li class=\"li2\"><span class=\"s1\">participation in preparing the development of the workplace as well as plans of its modernization in the scope of appropriate Health and Safety conditions,<\/span><\/li>\n<li class=\"li2\"><span class=\"s1\">conducting environmental research,<\/span><\/li>\n<li class=\"li2\"><span class=\"s1\">creating tables of work clothing and personal protective equipment allowance standards,<\/span><\/li>\n<li class=\"li2\"><span class=\"s1\">representing clients during inspections of the State Sanitary Inspectorate or the National Labour Inspectorate,<\/span><\/li>\n<li class=\"li2\"><span class=\"s1\">other activities related to the ordinance on Occupational Health and Safety service.<\/span><\/li>\n<\/ul>\n<h5 class=\"p3\"><span class=\"s1\">In the scope of Fire Protection our offer includes:<\/span><\/h5>\n<ul>\n<li class=\"li2\"><span class=\"s1\">preparation of manuals and instructions pertaining to fire protection,<\/span><\/li>\n<li class=\"li2\"><span class=\"s1\">conducting Fire Protection inspections,<\/span><\/li>\n<li class=\"li2\"><span class=\"s1\">preparation of Fire Protection status protocols,<\/span><\/li>\n<li class=\"li2\"><span class=\"s1\">organization of training sessions in the scope of Fire Protection for employees.<\/span><\/li>\n<\/ul>\n<h5 class=\"p3\"><span class=\"s1\">Additionally, we offer:<\/span><\/h5>\n<ul>\n<li class=\"li2\"><span class=\"s1\">preparation of applications related to fire and technological risks for employers,<\/span><\/li>\n<li class=\"li2\"><span class=\"s1\">consulting in the scope of passive fire protection, explosion hazards as well as methods and organization of work stations,<\/span><\/li>\n<li class=\"li2\"><span class=\"s1\">technical checkups of mobile firefighting equipment and indoor hydrants,<\/span><\/li>\n<li class=\"li2\"><span class=\"s1\">equipping facilities with firefighting<br \/>\nmanuals, emergency telephone number tables, fire protection information boards and safety signs,<\/span><\/li>\n<li class=\"li2\"><span class=\"s1\">fire drills.<\/span><\/li>\n<\/ul>\n<p><\/p>","protected":false},"excerpt":{"rendered":"<p>Occupational Health and Safety training \u2013 Warsaw, Gda\u0144sk, Olsztyn and more All our comprehensive services are targeted at corporate and institutional customers. We have branches and agencies all over Poland. We are able to carry out our offer in each&#8230;<\/p>\n","protected":false},"author":1,"featured_media":86,"parent":0,"menu_order":0,"comment_status":"open","ping_status":"open","template":"page-templates\/left-sidebar.php","meta":{"_acf_changed":false,"footnotes":""},"class_list":["post-7","page","type-page","status-publish","has-post-thumbnail","hentry"],"acf":[],"yoast_head":"<!-- This site is optimized with the Yoast SEO plugin v23.3 - https:\/\/yoast.com\/wordpress\/plugins\/seo\/ -->\n<title>Us\u0142ugi BHP i PPO\u017b, nadz\u00f3r BHP - outsourcing, szkolenia, audyt i kontrola BHP | TBF<\/title>\n<meta name=\"description\" content=\"Kompleksowe us\u0142ugi BHP i PPO\u017b dla Twojej firmy. Nadz\u00f3r, outsourcing, doradztwo, audyty i szkolenia. Zapewnij bezpiecze\u0144stwo w miejscu pracy z ekspertami TBF.\" \/>\n<meta name=\"robots\" content=\"index, follow, max-snippet:-1, max-image-preview:large, max-video-preview:-1\" \/>\n<link rel=\"canonical\" href=\"https:\/\/www.tbf.pl\/oferta\/\" \/>\n<meta property=\"og:locale\" content=\"en_US\" \/>\n<meta property=\"og:type\" content=\"article\" \/>\n<meta property=\"og:title\" content=\"Us\u0142ugi BHP i PPO\u017b, nadz\u00f3r BHP - outsourcing, szkolenia, audyt i kontrola BHP | TBF\" \/>\n<meta property=\"og:description\" content=\"Kompleksowe us\u0142ugi BHP i PPO\u017b dla Twojej firmy. Nadz\u00f3r, outsourcing, doradztwo, audyty i szkolenia. Zapewnij bezpiecze\u0144stwo w miejscu pracy z ekspertami TBF.\" \/>\n<meta property=\"og:url\" content=\"https:\/\/www.tbf.pl\/oferta\/\" \/>\n<meta property=\"og:site_name\" content=\"Health and safety training and health and safety supervision Warsaw | TBF\" \/>\n<meta property=\"article:modified_time\" content=\"2025-10-24T08:30:43+00:00\" \/>\n<meta property=\"og:image\" content=\"https:\/\/www.tbf.pl\/wp-content\/uploads\/2015\/05\/tlo2.jpg\" \/>\n\t<meta property=\"og:image:width\" content=\"1600\" \/>\n\t<meta property=\"og:image:height\" content=\"428\" \/>\n\t<meta property=\"og:image:type\" content=\"image\/jpeg\" \/>\n<meta name=\"twitter:card\" content=\"summary_large_image\" \/>\n<meta name=\"twitter:label1\" content=\"Est. reading time\" \/>\n\t<meta name=\"twitter:data1\" content=\"9 minutes\" \/>\n<script type=\"application\/ld+json\" class=\"yoast-schema-graph\">{\"@context\":\"https:\/\/schema.org\",\"@graph\":[{\"@type\":\"WebPage\",\"@id\":\"https:\/\/www.tbf.pl\/oferta\/\",\"url\":\"https:\/\/www.tbf.pl\/oferta\/\",\"name\":\"Us\u0142ugi BHP i PPO\u017b, nadz\u00f3r BHP - outsourcing, szkolenia, audyt i kontrola BHP | TBF\",\"isPartOf\":{\"@id\":\"https:\/\/www.tbf.pl\/#website\"},\"primaryImageOfPage\":{\"@id\":\"https:\/\/www.tbf.pl\/oferta\/#primaryimage\"},\"image\":{\"@id\":\"https:\/\/www.tbf.pl\/oferta\/#primaryimage\"},\"thumbnailUrl\":\"https:\/\/www.tbf.pl\/wp-content\/uploads\/2015\/05\/tlo2.jpg\",\"datePublished\":\"2015-05-30T08:54:54+00:00\",\"dateModified\":\"2025-10-24T08:30:43+00:00\",\"description\":\"Kompleksowe us\u0142ugi BHP i PPO\u017b dla Twojej firmy. Nadz\u00f3r, outsourcing, doradztwo, audyty i szkolenia. Zapewnij bezpiecze\u0144stwo w miejscu pracy z ekspertami TBF.\",\"breadcrumb\":{\"@id\":\"https:\/\/www.tbf.pl\/oferta\/#breadcrumb\"},\"inLanguage\":\"en-US\",\"potentialAction\":[{\"@type\":\"ReadAction\",\"target\":[\"https:\/\/www.tbf.pl\/oferta\/\"]}]},{\"@type\":\"ImageObject\",\"inLanguage\":\"en-US\",\"@id\":\"https:\/\/www.tbf.pl\/oferta\/#primaryimage\",\"url\":\"https:\/\/www.tbf.pl\/wp-content\/uploads\/2015\/05\/tlo2.jpg\",\"contentUrl\":\"https:\/\/www.tbf.pl\/wp-content\/uploads\/2015\/05\/tlo2.jpg\",\"width\":1600,\"height\":428},{\"@type\":\"BreadcrumbList\",\"@id\":\"https:\/\/www.tbf.pl\/oferta\/#breadcrumb\",\"itemListElement\":[{\"@type\":\"ListItem\",\"position\":1,\"name\":\"Strona g\u0142\u00f3wna\",\"item\":\"https:\/\/www.tbf.pl\/\"},{\"@type\":\"ListItem\",\"position\":2,\"name\":\"Us\u0142ugi BHP, Nadz\u00f3r BHP\"}]},{\"@type\":\"WebSite\",\"@id\":\"https:\/\/www.tbf.pl\/#website\",\"url\":\"https:\/\/www.tbf.pl\/\",\"name\":\"Health and safety training and health and safety supervision Warsaw | TBF\",\"description\":\"\",\"publisher\":{\"@id\":\"https:\/\/www.tbf.pl\/#organization\"},\"potentialAction\":[{\"@type\":\"SearchAction\",\"target\":{\"@type\":\"EntryPoint\",\"urlTemplate\":\"https:\/\/www.tbf.pl\/?s={search_term_string}\"},\"query-input\":\"required name=search_term_string\"}],\"inLanguage\":\"en-US\"},{\"@type\":\"Organization\",\"@id\":\"https:\/\/www.tbf.pl\/#organization\",\"name\":\"TBF s.c.\",\"url\":\"https:\/\/www.tbf.pl\/\",\"logo\":{\"@type\":\"ImageObject\",\"inLanguage\":\"en-US\",\"@id\":\"https:\/\/www.tbf.pl\/#\/schema\/logo\/image\/\",\"url\":\"https:\/\/www.tbf.pl\/wp-content\/uploads\/2016\/06\/logo-2.jpg\",\"contentUrl\":\"https:\/\/www.tbf.pl\/wp-content\/uploads\/2016\/06\/logo-2.jpg\",\"width\":203,\"height\":89,\"caption\":\"TBF s.c.\"},\"image\":{\"@id\":\"https:\/\/www.tbf.pl\/#\/schema\/logo\/image\/\"}}]}<\/script>\n<!-- \/ Yoast SEO plugin. -->","yoast_head_json":{"title":"Us\u0142ugi BHP i PPO\u017b, nadz\u00f3r BHP - outsourcing, szkolenia, audyt i kontrola BHP | TBF","description":"Kompleksowe us\u0142ugi BHP i PPO\u017b dla Twojej firmy. Nadz\u00f3r, outsourcing, doradztwo, audyty i szkolenia. Zapewnij bezpiecze\u0144stwo w miejscu pracy z ekspertami TBF.","robots":{"index":"index","follow":"follow","max-snippet":"max-snippet:-1","max-image-preview":"max-image-preview:large","max-video-preview":"max-video-preview:-1"},"canonical":"https:\/\/www.tbf.pl\/oferta\/","og_locale":"en_US","og_type":"article","og_title":"Us\u0142ugi BHP i PPO\u017b, nadz\u00f3r BHP - outsourcing, szkolenia, audyt i kontrola BHP | TBF","og_description":"Kompleksowe us\u0142ugi BHP i PPO\u017b dla Twojej firmy. Nadz\u00f3r, outsourcing, doradztwo, audyty i szkolenia. Zapewnij bezpiecze\u0144stwo w miejscu pracy z ekspertami TBF.","og_url":"https:\/\/www.tbf.pl\/oferta\/","og_site_name":"Health and safety training and health and safety supervision Warsaw | TBF","article_modified_time":"2025-10-24T08:30:43+00:00","og_image":[{"width":1600,"height":428,"url":"https:\/\/www.tbf.pl\/wp-content\/uploads\/2015\/05\/tlo2.jpg","type":"image\/jpeg"}],"twitter_card":"summary_large_image","twitter_misc":{"Est. reading time":"9 minutes"},"schema":{"@context":"https:\/\/schema.org","@graph":[{"@type":"WebPage","@id":"https:\/\/www.tbf.pl\/oferta\/","url":"https:\/\/www.tbf.pl\/oferta\/","name":"Us\u0142ugi BHP i PPO\u017b, nadz\u00f3r BHP - outsourcing, szkolenia, audyt i kontrola BHP | TBF","isPartOf":{"@id":"https:\/\/www.tbf.pl\/#website"},"primaryImageOfPage":{"@id":"https:\/\/www.tbf.pl\/oferta\/#primaryimage"},"image":{"@id":"https:\/\/www.tbf.pl\/oferta\/#primaryimage"},"thumbnailUrl":"https:\/\/www.tbf.pl\/wp-content\/uploads\/2015\/05\/tlo2.jpg","datePublished":"2015-05-30T08:54:54+00:00","dateModified":"2025-10-24T08:30:43+00:00","description":"Kompleksowe us\u0142ugi BHP i PPO\u017b dla Twojej firmy. Nadz\u00f3r, outsourcing, doradztwo, audyty i szkolenia. Zapewnij bezpiecze\u0144stwo w miejscu pracy z ekspertami TBF.","breadcrumb":{"@id":"https:\/\/www.tbf.pl\/oferta\/#breadcrumb"},"inLanguage":"en-US","potentialAction":[{"@type":"ReadAction","target":["https:\/\/www.tbf.pl\/oferta\/"]}]},{"@type":"ImageObject","inLanguage":"en-US","@id":"https:\/\/www.tbf.pl\/oferta\/#primaryimage","url":"https:\/\/www.tbf.pl\/wp-content\/uploads\/2015\/05\/tlo2.jpg","contentUrl":"https:\/\/www.tbf.pl\/wp-content\/uploads\/2015\/05\/tlo2.jpg","width":1600,"height":428},{"@type":"BreadcrumbList","@id":"https:\/\/www.tbf.pl\/oferta\/#breadcrumb","itemListElement":[{"@type":"ListItem","position":1,"name":"Strona g\u0142\u00f3wna","item":"https:\/\/www.tbf.pl\/"},{"@type":"ListItem","position":2,"name":"Us\u0142ugi BHP, Nadz\u00f3r BHP"}]},{"@type":"WebSite","@id":"https:\/\/www.tbf.pl\/#website","url":"https:\/\/www.tbf.pl\/","name":"Health and safety training and health and safety supervision Warsaw | TBF","description":"","publisher":{"@id":"https:\/\/www.tbf.pl\/#organization"},"potentialAction":[{"@type":"SearchAction","target":{"@type":"EntryPoint","urlTemplate":"https:\/\/www.tbf.pl\/?s={search_term_string}"},"query-input":"required name=search_term_string"}],"inLanguage":"en-US"},{"@type":"Organization","@id":"https:\/\/www.tbf.pl\/#organization","name":"TBF s.c.","url":"https:\/\/www.tbf.pl\/","logo":{"@type":"ImageObject","inLanguage":"en-US","@id":"https:\/\/www.tbf.pl\/#\/schema\/logo\/image\/","url":"https:\/\/www.tbf.pl\/wp-content\/uploads\/2016\/06\/logo-2.jpg","contentUrl":"https:\/\/www.tbf.pl\/wp-content\/uploads\/2016\/06\/logo-2.jpg","width":203,"height":89,"caption":"TBF s.c."},"image":{"@id":"https:\/\/www.tbf.pl\/#\/schema\/logo\/image\/"}}]}},"_links":{"self":[{"href":"https:\/\/www.tbf.pl\/en\/wp-json\/wp\/v2\/pages\/7"}],"collection":[{"href":"https:\/\/www.tbf.pl\/en\/wp-json\/wp\/v2\/pages"}],"about":[{"href":"https:\/\/www.tbf.pl\/en\/wp-json\/wp\/v2\/types\/page"}],"author":[{"embeddable":true,"href":"https:\/\/www.tbf.pl\/en\/wp-json\/wp\/v2\/users\/1"}],"replies":[{"embeddable":true,"href":"https:\/\/www.tbf.pl\/en\/wp-json\/wp\/v2\/comments?post=7"}],"version-history":[{"count":38,"href":"https:\/\/www.tbf.pl\/en\/wp-json\/wp\/v2\/pages\/7\/revisions"}],"predecessor-version":[{"id":4083,"href":"https:\/\/www.tbf.pl\/en\/wp-json\/wp\/v2\/pages\/7\/revisions\/4083"}],"wp:featuredmedia":[{"embeddable":true,"href":"https:\/\/www.tbf.pl\/en\/wp-json\/wp\/v2\/media\/86"}],"wp:attachment":[{"href":"https:\/\/www.tbf.pl\/en\/wp-json\/wp\/v2\/media?parent=7"}],"curies":[{"name":"wp","href":"https:\/\/api.w.org\/{rel}","templated":true}]}}