{"id":915,"date":"2016-02-24T12:13:23","date_gmt":"2016-02-24T11:13:23","guid":{"rendered":"http:\/\/tbf.com.pl\/?page_id=915"},"modified":"2018-08-20T10:34:55","modified_gmt":"2018-08-20T08:34:55","slug":"wozki-jezdniowe","status":"publish","type":"page","link":"https:\/\/www.tbf.pl\/en\/oferta\/wozki-jezdniowe\/","title":{"rendered":"Industrial Trucks"},"content":{"rendered":"<p><\/p>\n<h5>Qualification course for motor engine powered truck drivers\u00a0<\/h5>\n<p>The purpose of this course is to get skills and authorisation to drive motor engine powered trucks.<\/p>\n<p><strong>Admission:<\/strong><\/p>\n<ul>\n<li>completed primary school<\/li>\n<li>minimum age of 18 years<\/li>\n<li>medical certificate issued by a doctor authorized to perform medical preventive examinations<\/li>\n<li>psychological decision excluding any contraindications to work.<\/li>\n<\/ul>\n<p>The training lasts for 59 hours at times agreed with the customer<br \/> Cost of training: PLN 450 per person\u00a0<br \/> Location of training: customer\u2019s worksite.\u00a0<\/p>\n<p>Each participant receives a certificate of completion of training in Polish \/ English\u00a0<br \/> The training is organized for groups of at least 10 people.\u00a0<\/p>\n<h5>Replacing the gas cylinder in gas powered trucks\u00a0<\/h5>\n<p>The purpose of this training is to get knowledge and practical skills for safe exchange of a propane-butane gas cylinder in gas powered trucks. This course is designed for truck drivers and employees who will be responsible for replacing gas cylinders in the propane-butane gas powered trucks.\u00a0<\/p>\n<p>The training lasts 8 hours at times agreed with the customer\u00a0<br \/> Cost of training: PLN 90 z\u0142 gross per person\u00a0<br \/> Location of training: customer\u2019s worksite.\u00a0<\/p>\n<p>Each participant receives a certificate of completion of training in Polish \/ English\u00a0<br \/> The training is organized for groups of at least 10 people.\u00a0<\/p>\n<h5>The driver of electrical engine lifting (reach) trucks \u00a0(controlled from the operating level)\u00a0<\/h5>\n<p>The purpose of this course is to get skills and authority to operate electrical engine lifting, controlled from the operating level, industrial trucks.\u00a0<\/p>\n<p><strong>Admission:<\/strong><\/p>\n<ul>\n<li>completed primary school<\/li>\n<li>minimum age of 18 years<\/li>\n<li>medical certificate issued by a doctor authorized to perform medical preventive examinations<\/li>\n<li>psychological decision excluding any contraindications to work.<\/li>\n<\/ul>\n<p><span style=\"color: #000000;\"><span style=\"font-family: Calibri, sans-serif;\"><span style=\"font-size: medium;\">Training lasts 13 hours at times agreed with the customer\u00a0<br \/> Cost of training: PLN 150 z\u0142 gross per person\u00a0<br \/> Location of training: customer\u2019s worksite.\u00a0<\/p>\n<p> Each participant receives a certificate of completion of training in Polish \/ English\u00a0<br \/> The training is organized for groups of at least 6 people. <\/span><\/span><\/span><\/p>\n<p><\/p>","protected":false},"excerpt":{"rendered":"<p>Qualification course for motor engine powered truck drivers\u00a0 The purpose of this course is to get skills and authorisation to drive motor engine powered trucks. Admission: completed primary school minimum age of 18 years medical certificate issued by a doctor&#8230;<\/p>\n","protected":false},"author":1,"featured_media":916,"parent":7,"menu_order":10,"comment_status":"closed","ping_status":"closed","template":"page-templates\/left-sidebar.php","meta":{"_acf_changed":false,"footnotes":""},"class_list":["post-915","page","type-page","status-publish","has-post-thumbnail","hentry"],"acf":[],"yoast_head":"<!-- This site is optimized with the Yoast SEO plugin v23.3 - https:\/\/yoast.com\/wordpress\/plugins\/seo\/ -->\n<title>Driving course for motorized truck-mounted lorries.<\/title>\n<meta name=\"description\" content=\"[:pl]Celem kursu jest nabycie umiej\u0119tno\u015bci oraz uprawnie\u0144 do kierowania w\u00f3zkami jezdniowymi.[:en]The aim of the course is to acquire the skills and the power to drive the lorry.\" \/>\n<meta name=\"robots\" content=\"index, follow, max-snippet:-1, max-image-preview:large, max-video-preview:-1\" \/>\n<link rel=\"canonical\" href=\"https:\/\/www.tbf.pl\/oferta\/wozki-jezdniowe\/\" \/>\n<meta property=\"og:locale\" content=\"en_US\" \/>\n<meta property=\"og:type\" content=\"article\" \/>\n<meta property=\"og:title\" content=\"[:pl]Kurs kierowc\u00f3w w\u00f3zk\u00f3w jezdniowych z nap\u0119dem silnikowym. | TBF[:en]Driving course for motorized truck-mounted lorries.\" \/>\n<meta property=\"og:description\" content=\"[:pl]Celem kursu jest nabycie umiej\u0119tno\u015bci oraz uprawnie\u0144 do kierowania w\u00f3zkami jezdniowymi.[:en]The aim of the course is to acquire the skills and the power to drive the lorry.\" \/>\n<meta property=\"og:url\" content=\"https:\/\/www.tbf.pl\/oferta\/wozki-jezdniowe\/\" \/>\n<meta property=\"og:site_name\" content=\"Health and safety training and health and safety supervision Warsaw | TBF\" \/>\n<meta property=\"article:modified_time\" content=\"2018-08-20T08:34:55+00:00\" \/>\n<meta property=\"og:image\" content=\"https:\/\/www.tbf.pl\/wp-content\/uploads\/2016\/02\/Fotolia_81083273_Subscription_Monthly_XXL-e1456312865693.jpg\" \/>\n\t<meta property=\"og:image:width\" content=\"1500\" \/>\n\t<meta property=\"og:image:height\" content=\"1000\" \/>\n\t<meta property=\"og:image:type\" content=\"image\/jpeg\" \/>\n<meta name=\"twitter:card\" content=\"summary_large_image\" \/>\n<meta name=\"twitter:label1\" content=\"Est. reading time\" \/>\n\t<meta name=\"twitter:data1\" content=\"3 minutes\" \/>\n<script type=\"application\/ld+json\" class=\"yoast-schema-graph\">{\"@context\":\"https:\/\/schema.org\",\"@graph\":[{\"@type\":\"WebPage\",\"@id\":\"https:\/\/www.tbf.pl\/oferta\/wozki-jezdniowe\/\",\"url\":\"https:\/\/www.tbf.pl\/oferta\/wozki-jezdniowe\/\",\"name\":\"[:pl]Kurs kierowc\u00f3w w\u00f3zk\u00f3w jezdniowych z nap\u0119dem silnikowym. | TBF[:en]Driving course for motorized truck-mounted lorries.\",\"isPartOf\":{\"@id\":\"https:\/\/www.tbf.pl\/#website\"},\"primaryImageOfPage\":{\"@id\":\"https:\/\/www.tbf.pl\/oferta\/wozki-jezdniowe\/#primaryimage\"},\"image\":{\"@id\":\"https:\/\/www.tbf.pl\/oferta\/wozki-jezdniowe\/#primaryimage\"},\"thumbnailUrl\":\"https:\/\/www.tbf.pl\/wp-content\/uploads\/2016\/02\/Fotolia_81083273_Subscription_Monthly_XXL-e1456312865693.jpg\",\"datePublished\":\"2016-02-24T11:13:23+00:00\",\"dateModified\":\"2018-08-20T08:34:55+00:00\",\"description\":\"[:pl]Celem kursu jest nabycie umiej\u0119tno\u015bci oraz uprawnie\u0144 do kierowania w\u00f3zkami jezdniowymi.[:en]The aim of the course is to acquire the skills and the power to drive the lorry.\",\"breadcrumb\":{\"@id\":\"https:\/\/www.tbf.pl\/oferta\/wozki-jezdniowe\/#breadcrumb\"},\"inLanguage\":\"en-US\",\"potentialAction\":[{\"@type\":\"ReadAction\",\"target\":[\"https:\/\/www.tbf.pl\/oferta\/wozki-jezdniowe\/\"]}]},{\"@type\":\"ImageObject\",\"inLanguage\":\"en-US\",\"@id\":\"https:\/\/www.tbf.pl\/oferta\/wozki-jezdniowe\/#primaryimage\",\"url\":\"https:\/\/www.tbf.pl\/wp-content\/uploads\/2016\/02\/Fotolia_81083273_Subscription_Monthly_XXL-e1456312865693.jpg\",\"contentUrl\":\"https:\/\/www.tbf.pl\/wp-content\/uploads\/2016\/02\/Fotolia_81083273_Subscription_Monthly_XXL-e1456312865693.jpg\",\"width\":1500,\"height\":1000,\"caption\":\"Worker and forklift driver in industrial factory looking at camera\"},{\"@type\":\"BreadcrumbList\",\"@id\":\"https:\/\/www.tbf.pl\/oferta\/wozki-jezdniowe\/#breadcrumb\",\"itemListElement\":[{\"@type\":\"ListItem\",\"position\":1,\"name\":\"Strona g\u0142\u00f3wna\",\"item\":\"https:\/\/www.tbf.pl\/\"},{\"@type\":\"ListItem\",\"position\":2,\"name\":\"Us\u0142ugi BHP, Nadz\u00f3r BHP\",\"item\":\"https:\/\/www.tbf.pl\/oferta\/\"},{\"@type\":\"ListItem\",\"position\":3,\"name\":\"W\u00f3zki jezdniowe\"}]},{\"@type\":\"WebSite\",\"@id\":\"https:\/\/www.tbf.pl\/#website\",\"url\":\"https:\/\/www.tbf.pl\/\",\"name\":\"Health and safety training and health and safety supervision Warsaw | TBF\",\"description\":\"\",\"publisher\":{\"@id\":\"https:\/\/www.tbf.pl\/#organization\"},\"potentialAction\":[{\"@type\":\"SearchAction\",\"target\":{\"@type\":\"EntryPoint\",\"urlTemplate\":\"https:\/\/www.tbf.pl\/?s={search_term_string}\"},\"query-input\":\"required name=search_term_string\"}],\"inLanguage\":\"en-US\"},{\"@type\":\"Organization\",\"@id\":\"https:\/\/www.tbf.pl\/#organization\",\"name\":\"TBF s.c.\",\"url\":\"https:\/\/www.tbf.pl\/\",\"logo\":{\"@type\":\"ImageObject\",\"inLanguage\":\"en-US\",\"@id\":\"https:\/\/www.tbf.pl\/#\/schema\/logo\/image\/\",\"url\":\"https:\/\/www.tbf.pl\/wp-content\/uploads\/2016\/06\/logo-2.jpg\",\"contentUrl\":\"https:\/\/www.tbf.pl\/wp-content\/uploads\/2016\/06\/logo-2.jpg\",\"width\":203,\"height\":89,\"caption\":\"TBF s.c.\"},\"image\":{\"@id\":\"https:\/\/www.tbf.pl\/#\/schema\/logo\/image\/\"}}]}<\/script>\n<!-- \/ Yoast SEO plugin. -->","yoast_head_json":{"title":"[:pl]Kurs kierowc\u00f3w w\u00f3zk\u00f3w jezdniowych z nap\u0119dem silnikowym. | TBF[:en]Driving course for motorized truck-mounted lorries.","description":"[:pl]Celem kursu jest nabycie umiej\u0119tno\u015bci oraz uprawnie\u0144 do kierowania w\u00f3zkami jezdniowymi.[:en]The aim of the course is to acquire the skills and the power to drive the lorry.","robots":{"index":"index","follow":"follow","max-snippet":"max-snippet:-1","max-image-preview":"max-image-preview:large","max-video-preview":"max-video-preview:-1"},"canonical":"https:\/\/www.tbf.pl\/oferta\/wozki-jezdniowe\/","og_locale":"en_US","og_type":"article","og_title":"[:pl]Kurs kierowc\u00f3w w\u00f3zk\u00f3w jezdniowych z nap\u0119dem silnikowym. | TBF[:en]Driving course for motorized truck-mounted lorries.","og_description":"[:pl]Celem kursu jest nabycie umiej\u0119tno\u015bci oraz uprawnie\u0144 do kierowania w\u00f3zkami jezdniowymi.[:en]The aim of the course is to acquire the skills and the power to drive the lorry.","og_url":"https:\/\/www.tbf.pl\/oferta\/wozki-jezdniowe\/","og_site_name":"Health and safety training and health and safety supervision Warsaw | TBF","article_modified_time":"2018-08-20T08:34:55+00:00","og_image":[{"width":1500,"height":1000,"url":"https:\/\/www.tbf.pl\/wp-content\/uploads\/2016\/02\/Fotolia_81083273_Subscription_Monthly_XXL-e1456312865693.jpg","type":"image\/jpeg"}],"twitter_card":"summary_large_image","twitter_misc":{"Est. reading time":"3 minutes"},"schema":{"@context":"https:\/\/schema.org","@graph":[{"@type":"WebPage","@id":"https:\/\/www.tbf.pl\/oferta\/wozki-jezdniowe\/","url":"https:\/\/www.tbf.pl\/oferta\/wozki-jezdniowe\/","name":"[:pl]Kurs kierowc\u00f3w w\u00f3zk\u00f3w jezdniowych z nap\u0119dem silnikowym. | TBF[:en]Driving course for motorized truck-mounted lorries.","isPartOf":{"@id":"https:\/\/www.tbf.pl\/#website"},"primaryImageOfPage":{"@id":"https:\/\/www.tbf.pl\/oferta\/wozki-jezdniowe\/#primaryimage"},"image":{"@id":"https:\/\/www.tbf.pl\/oferta\/wozki-jezdniowe\/#primaryimage"},"thumbnailUrl":"https:\/\/www.tbf.pl\/wp-content\/uploads\/2016\/02\/Fotolia_81083273_Subscription_Monthly_XXL-e1456312865693.jpg","datePublished":"2016-02-24T11:13:23+00:00","dateModified":"2018-08-20T08:34:55+00:00","description":"[:pl]Celem kursu jest nabycie umiej\u0119tno\u015bci oraz uprawnie\u0144 do kierowania w\u00f3zkami jezdniowymi.[:en]The aim of the course is to acquire the skills and the power to drive the lorry.","breadcrumb":{"@id":"https:\/\/www.tbf.pl\/oferta\/wozki-jezdniowe\/#breadcrumb"},"inLanguage":"en-US","potentialAction":[{"@type":"ReadAction","target":["https:\/\/www.tbf.pl\/oferta\/wozki-jezdniowe\/"]}]},{"@type":"ImageObject","inLanguage":"en-US","@id":"https:\/\/www.tbf.pl\/oferta\/wozki-jezdniowe\/#primaryimage","url":"https:\/\/www.tbf.pl\/wp-content\/uploads\/2016\/02\/Fotolia_81083273_Subscription_Monthly_XXL-e1456312865693.jpg","contentUrl":"https:\/\/www.tbf.pl\/wp-content\/uploads\/2016\/02\/Fotolia_81083273_Subscription_Monthly_XXL-e1456312865693.jpg","width":1500,"height":1000,"caption":"Worker and forklift driver in industrial factory looking at camera"},{"@type":"BreadcrumbList","@id":"https:\/\/www.tbf.pl\/oferta\/wozki-jezdniowe\/#breadcrumb","itemListElement":[{"@type":"ListItem","position":1,"name":"Strona g\u0142\u00f3wna","item":"https:\/\/www.tbf.pl\/"},{"@type":"ListItem","position":2,"name":"Us\u0142ugi BHP, Nadz\u00f3r BHP","item":"https:\/\/www.tbf.pl\/oferta\/"},{"@type":"ListItem","position":3,"name":"W\u00f3zki jezdniowe"}]},{"@type":"WebSite","@id":"https:\/\/www.tbf.pl\/#website","url":"https:\/\/www.tbf.pl\/","name":"Health and safety training and health and safety supervision Warsaw | TBF","description":"","publisher":{"@id":"https:\/\/www.tbf.pl\/#organization"},"potentialAction":[{"@type":"SearchAction","target":{"@type":"EntryPoint","urlTemplate":"https:\/\/www.tbf.pl\/?s={search_term_string}"},"query-input":"required name=search_term_string"}],"inLanguage":"en-US"},{"@type":"Organization","@id":"https:\/\/www.tbf.pl\/#organization","name":"TBF s.c.","url":"https:\/\/www.tbf.pl\/","logo":{"@type":"ImageObject","inLanguage":"en-US","@id":"https:\/\/www.tbf.pl\/#\/schema\/logo\/image\/","url":"https:\/\/www.tbf.pl\/wp-content\/uploads\/2016\/06\/logo-2.jpg","contentUrl":"https:\/\/www.tbf.pl\/wp-content\/uploads\/2016\/06\/logo-2.jpg","width":203,"height":89,"caption":"TBF s.c."},"image":{"@id":"https:\/\/www.tbf.pl\/#\/schema\/logo\/image\/"}}]}},"_links":{"self":[{"href":"https:\/\/www.tbf.pl\/en\/wp-json\/wp\/v2\/pages\/915"}],"collection":[{"href":"https:\/\/www.tbf.pl\/en\/wp-json\/wp\/v2\/pages"}],"about":[{"href":"https:\/\/www.tbf.pl\/en\/wp-json\/wp\/v2\/types\/page"}],"author":[{"embeddable":true,"href":"https:\/\/www.tbf.pl\/en\/wp-json\/wp\/v2\/users\/1"}],"replies":[{"embeddable":true,"href":"https:\/\/www.tbf.pl\/en\/wp-json\/wp\/v2\/comments?post=915"}],"version-history":[{"count":9,"href":"https:\/\/www.tbf.pl\/en\/wp-json\/wp\/v2\/pages\/915\/revisions"}],"predecessor-version":[{"id":1846,"href":"https:\/\/www.tbf.pl\/en\/wp-json\/wp\/v2\/pages\/915\/revisions\/1846"}],"up":[{"embeddable":true,"href":"https:\/\/www.tbf.pl\/en\/wp-json\/wp\/v2\/pages\/7"}],"wp:featuredmedia":[{"embeddable":true,"href":"https:\/\/www.tbf.pl\/en\/wp-json\/wp\/v2\/media\/916"}],"wp:attachment":[{"href":"https:\/\/www.tbf.pl\/en\/wp-json\/wp\/v2\/media?parent=915"}],"curies":[{"name":"wp","href":"https:\/\/api.w.org\/{rel}","templated":true}]}}